{"id":542,"date":"2022-08-04T15:20:24","date_gmt":"2022-08-04T13:20:24","guid":{"rendered":"https:\/\/newsite.cyno-club-orchies.fr\/?page_id=542"},"modified":"2026-01-30T09:04:02","modified_gmt":"2026-01-30T08:04:02","slug":"notre-fonctionnement","status":"publish","type":"page","link":"https:\/\/newsite.cyno-club-orchies.fr\/index.php\/notre-fonctionnement\/","title":{"rendered":"NOTRE FONCTIONNEMENT"},"content":{"rendered":"<p><span style=\"color: #000000;\">Le Cyno Club d&rsquo;Orchies organise des cours d&rsquo;\u00e9cole du chiot (chiots \u00e2g\u00e9s de 2 \u00e0 6 mois) et des cours d&rsquo;\u00e9ducation canine (chiens \u00e2g\u00e9s de plus de 6 mois).<\/span><\/p>\n<p><span style=\"color: #000000;\">Ces cours se d\u00e9roulent le samedi apr\u00e8s midi.<\/span><\/p>\n<ul>\n<li><span style=\"color: #000000;\"><span style=\"color: #ff6600;\"><strong>14h00 \u00e0 15h15<\/strong><\/span>\u00a0: s\u00e9ance d&rsquo;accueil,<\/span><\/li>\n<li><span style=\"color: #000000;\"><span style=\"color: #ff6600;\"><strong>14h00 \u00e0 15h00<\/strong><\/span>\u00a0: cours des chiots et des chiens de plus de 6 mois.<\/span><\/li>\n<\/ul>\n<p><span style=\"color: #000000;\">Que ce soit pour l\u2019\u00e9cole du chiot ou l\u2019\u00e9ducation canine, <b><u>nos cours sont collectifs<\/u><\/b> et nous fonctionnons par stage d\u2019une <strong>dur\u00e9e de 3 mois<\/strong>.<\/span><\/p>\n<p><span style=\"color: #000000;\">Pendant son stage le chiot pourra changer de groupe selon si son \u00e2ge, sa taille ou son niveau le n\u00e9cessite.<\/span><\/p>\n<p><span style=\"color: #000000;\">Lors de votre premi\u00e8re visite, vous participerez \u00e0 une s\u00e9ance d&rsquo;accueil offerte pendant laquelle vous obtiendrez les informations relatives au fonctionnement du club et des conseils sur l&rsquo;\u00e9ducation de votre compagnon \u00e0 la maison. N\u2019h\u00e9sitez pas \u00e0 poser des questions !<\/span><\/p>\n<p><span style=\"color: #000000;\">Suite \u00e0 la s\u00e9ance d\u2019accueil, lorsque vous reviendrez, vous nous remettrez la feuille de renseignements ainsi que le montant du stage.<\/span><\/p>\n<p>&nbsp;<\/p>\n<h4><span style=\"color: #000000;\"><span style=\"font-family: inherit; letter-spacing: -0.02em; -webkit-text-size-adjust: 100%; font-size: 18px; font-weight: bold;\">Chaque semaine, inscrivez-vous, <\/span><span style=\"font-family: inherit; letter-spacing: -0.02em; -webkit-text-size-adjust: 100%;\">avant le vendredi matin, <\/span><span style=\"font-family: inherit; letter-spacing: -0.02em; -webkit-text-size-adjust: 100%; font-size: 18px; font-weight: bold;\">dans :\u00a0<\/span><span style=\"color: #ff6600;\"><a style=\"color: #ff6600;\" href=\"https:\/\/newsite.cyno-club-orchies.fr\/index.php\/ici-je-reserve-mon-cours\/\" target=\"_blank\" rel=\"noopener\">ICI JE RESERVE MON COURS<\/a><span style=\"font-family: inherit; letter-spacing: -0.02em; -webkit-text-size-adjust: 100%;\">\u00a0<\/span><\/span><\/span><\/h4>\n<h4><span style=\"color: #000000;\"><span style=\"font-family: inherit; letter-spacing: -0.02em; -webkit-text-size-adjust: 100%;\"><br \/>\n<\/span>C\u2019est votre premier cours ? Inscrivez-vous uniquement au cours d\u2019accueil !\u00a0<\/span><\/h4>\n<p>&nbsp;<\/p>\n<h4><\/h4>\n<p>&nbsp;<\/p>\n","protected":false},"excerpt":{"rendered":"<p>Le Cyno Club d&rsquo;Orchies organise des cours d&rsquo;\u00e9cole du chiot (chiots \u00e2g\u00e9s de 2 \u00e0 6 mois) et des cours&hellip;<\/p>\n","protected":false},"author":1,"featured_media":0,"parent":0,"menu_order":0,"comment_status":"closed","ping_status":"closed","template":"","meta":{"footnotes":""},"class_list":["post-542","page","type-page","status-publish","hentry"],"_links":{"self":[{"href":"https:\/\/newsite.cyno-club-orchies.fr\/index.php\/wp-json\/wp\/v2\/pages\/542","targetHints":{"allow":["GET"]}}],"collection":[{"href":"https:\/\/newsite.cyno-club-orchies.fr\/index.php\/wp-json\/wp\/v2\/pages"}],"about":[{"href":"https:\/\/newsite.cyno-club-orchies.fr\/index.php\/wp-json\/wp\/v2\/types\/page"}],"author":[{"embeddable":true,"href":"https:\/\/newsite.cyno-club-orchies.fr\/index.php\/wp-json\/wp\/v2\/users\/1"}],"replies":[{"embeddable":true,"href":"https:\/\/newsite.cyno-club-orchies.fr\/index.php\/wp-json\/wp\/v2\/comments?post=542"}],"version-history":[{"count":26,"href":"https:\/\/newsite.cyno-club-orchies.fr\/index.php\/wp-json\/wp\/v2\/pages\/542\/revisions"}],"predecessor-version":[{"id":1747,"href":"https:\/\/newsite.cyno-club-orchies.fr\/index.php\/wp-json\/wp\/v2\/pages\/542\/revisions\/1747"}],"wp:attachment":[{"href":"https:\/\/newsite.cyno-club-orchies.fr\/index.php\/wp-json\/wp\/v2\/media?parent=542"}],"curies":[{"name":"wp","href":"https:\/\/api.w.org\/{rel}","templated":true}]}}