{"id":514,"date":"2022-08-01T16:46:57","date_gmt":"2022-08-01T14:46:57","guid":{"rendered":"https:\/\/newsite.cyno-club-orchies.fr\/?page_id=514"},"modified":"2026-02-28T17:53:47","modified_gmt":"2026-02-28T16:53:47","slug":"ecole-du-chiot","status":"publish","type":"page","link":"https:\/\/newsite.cyno-club-orchies.fr\/index.php\/ecole-du-chiot\/","title":{"rendered":"\u00c9COLE DU CHIOT"},"content":{"rendered":"<h3><b><span style=\"color: #ff9300;\">Pr\u00e9parer votre compagnon \u00e0 une vie sereine et \u00e9quilibr\u00e9e<\/span><\/b><\/h3>\n<p>L&rsquo;\u00e9ducation de votre chiot commence d\u00e8s son plus jeune \u00e2ge, car cette p\u00e9riode de vie est d\u00e9terminante pour son bien-\u00eatre futur. En tant que petit \u00eatre curieux, le chiot a besoin d&rsquo;apprendre les bases qui lui permettront de devenir un adulte \u00e9quilibr\u00e9, bien dans ses pattes.<\/p>\n<p>\u00c0 la naissance, un chiot apprend \u00e9norm\u00e9ment aupr\u00e8s de sa m\u00e8re et de ses fr\u00e8res et s\u0153urs. Cependant, \u00e0 partir de deux mois, c&rsquo;est \u00e0 nous, de continuer ce travail d&rsquo;\u00e9ducation pour l&rsquo;aider \u00e0 s&rsquo;adapter et \u00e0 int\u00e9ragir avec son nouvel environnement.<\/p>\n<p>&nbsp;<\/p>\n<h4><b><span style=\"color: #339966;\">Quand commencer et pourquoi \u00e9duquer votre chiot ?<\/span><\/b><\/h4>\n<p>Il est recommand\u00e9 de commencer d\u00e8s que vous r\u00e9cup\u00e9rez votre chiot. Des sorties dans des lieux calmes l\u2019aident \u00e0 d\u00e9couvrir le monde qui l\u2019entoure et \u00e0 se socialiser. L&rsquo;id\u00e9e est de lui faire <strong>d\u00e9couvrir son environnement de mani\u00e8re positive et sans stress<\/strong>. Plus vous commencez t\u00f4t, plus votre chiot s\u2019adaptera facilement \u00e0 son futur quotidien.<\/p>\n<p>L&rsquo;\u00e9ducation pr\u00e9coce est essentielle pour le bon d\u00e9veloppement physique et mental de votre chiot. Elle lui permet d&rsquo;apprendre \u00e0 se comporter de mani\u00e8re appropri\u00e9e et de mieux comprendre les r\u00e8gles de la vie en soci\u00e9t\u00e9. Un chiot bien \u00e9duqu\u00e9 sera plus serein et plus sociable.<\/p>\n<p>\u00c9duquer son chiot, c\u2019est aussi veiller \u00e0 sa s\u00e9curit\u00e9. Un chiot qui apprend \u00e0 <strong>marcher en laisse<\/strong>, \u00e0 <strong>r\u00e9pondre \u00e0 des ordres simples<\/strong>, ou \u00e0 <strong>rester calme dans des situations inconnues<\/strong>, sera mieux pr\u00e9par\u00e9 \u00e0 g\u00e9rer le monde ext\u00e9rieur et \u00e0 \u00e9viter les comportements \u00e0 risque.<\/p>\n<p><img loading=\"lazy\" decoding=\"async\" class=\"alignright wp-image-1364\" src=\"http:\/\/newsite.cyno-club-orchies.fr\/wp-content\/uploads\/2024\/11\/Capture-decran-2024-11-21-a-17.49.44-397x1024.png\" alt=\"\" width=\"339\" height=\"874\" srcset=\"https:\/\/newsite.cyno-club-orchies.fr\/wp-content\/uploads\/2024\/11\/Capture-decran-2024-11-21-a-17.49.44-397x1024.png 397w, https:\/\/newsite.cyno-club-orchies.fr\/wp-content\/uploads\/2024\/11\/Capture-decran-2024-11-21-a-17.49.44-116x300.png 116w, https:\/\/newsite.cyno-club-orchies.fr\/wp-content\/uploads\/2024\/11\/Capture-decran-2024-11-21-a-17.49.44-596x1536.png 596w, https:\/\/newsite.cyno-club-orchies.fr\/wp-content\/uploads\/2024\/11\/Capture-decran-2024-11-21-a-17.49.44.png 694w\" sizes=\"auto, (max-width: 339px) 100vw, 339px\" \/><\/p>\n<p>&nbsp;<\/p>\n<h4><b><span style=\"color: #339966;\">Un apprentissage ludique et bienveillant<\/span><\/b><\/h4>\n<p>L&rsquo;\u00c9cole du chiot est un lieu id\u00e9al pour offrir \u00e0 votre compagnon un cadre s\u00e9curisant et adapt\u00e9 \u00e0 son \u00e2ge. D\u00e8s que votre chiot a re\u00e7u son deuxi\u00e8me vaccin, il est pr\u00eat \u00e0 commencer son apprentissage au sein du club. \u00c0 travers des <strong>s\u00e9ances dynamiques\u00a0<\/strong>et<strong> ludiques<\/strong>, il d\u00e9couvrira les bases de l\u2019\u00e9ducation canine tout en s&rsquo;amusant.<\/p>\n<p>Nous mettons l\u2019accent sur la <strong>socialisation<\/strong>, en offrant \u00e0 votre chiot des occasions de rencontrer d&rsquo;autres cong\u00e9n\u00e8res et humains dans des situations vari\u00e9es. C\u2019est une \u00e9tape cl\u00e9 qui l\u2019aidera \u00e0 devenir un chien \u00e9quilibr\u00e9.<\/p>\n<p>&nbsp;<\/p>\n<h4><b><span style=\"color: #339966;\">Un accompagnement personnalis\u00e9 dans un cadre adapt\u00e9 et s\u00e9curis\u00e9<\/span><\/b><\/h4>\n<p>Nos \u00e9ducateurs, sp\u00e9cialis\u00e9s dans l&rsquo;accompagnement des chiots, vous aideront \u00e0 comprendre le langage de votre chiot et vous fourniront les outils n\u00e9cessaires pour instaurer une <strong>communication claire et bienveillante<\/strong> avec lui. Chaque chiot est unique, et nous veillons \u00e0 adapter nos m\u00e9thodes en fonction de son temp\u00e9rament et de ses besoins.<\/p>\n<h4><\/h4>\n<p>Les s\u00e9ances se d\u00e9roulent sur un terrain sp\u00e9cialement con\u00e7u pour les chiots, o\u00f9 des parcours adapt\u00e9s stimuleront leur curiosit\u00e9 et leur confiance. Ce cadre s\u00e9curis\u00e9 permet \u00e0 votre chiot de s&rsquo;exercer \u00e0 son rythme dans un environnement enrichissant.<\/p>\n<h4><\/h4>\n<p>Nos \u00e9ducateurs canins sont form\u00e9s aux m\u00e9thodes les plus modernes et respectueuses du bien-\u00eatre animal. Le club est agr\u00e9\u00e9 par la CNEAC, ce qui garantit un apprentissage rigoureux et de qualit\u00e9, bas\u00e9 sur des m\u00e9thodes positives et adapt\u00e9es aux jeunes chiens.<\/p>\n<p>&nbsp;<\/p>\n<p><strong>L\u2019\u00c9cole du Chiot n&rsquo;est pas simplement un lieu d&rsquo;apprentissage des ordres de base. C\u2019est un v\u00e9ritable parcours de socialisation et de pr\u00e9paration \u00e0 une vie \u00e9panouie et \u00e9quilibr\u00e9e. Offrir cette \u00e9ducation \u00e0 votre chiot, c\u2019est lui permettre de grandir sereinement et de tisser des liens forts avec vous.<\/strong><\/p>\n<p>&nbsp;<\/p>\n<h4 style=\"text-align: center;\"><em><strong><span style=\"color: #ff9300;\">Horaires et inscriptions<\/span><\/strong><\/em><\/h4>\n<p style=\"text-align: center;\">Accueil jeunes chiens ; <strong>samedi \u00e0 14h00 \u00e0 15h15\u00a0<\/strong><\/p>\n<p style=\"text-align: center;\">\u00c9cole du Chiot : <strong>samedi de 14h00 \u00e0 15h00<\/strong><\/p>\n<p style=\"text-align: center;\">Inscriptions en ligne via le lien suivant :<br \/>\n<a href=\"https:\/\/newsite.cyno-club-orchies.fr\/index.php\/ici-je-reserve-mon-cours\/\">Ici je r\u00e9serve mon cours<\/a><\/p>\n<h4><\/h4>\n<p>&nbsp;<\/p>\n<h4 style=\"text-align: center;\"><em><span style=\"color: #ff9300;\">Nos moniteurs<\/span><\/em><\/h4>\n<p><img loading=\"lazy\" decoding=\"async\" class=\"aligncenter wp-image-1435 size-medium\" src=\"http:\/\/newsite.cyno-club-orchies.fr\/wp-content\/uploads\/2024\/11\/Capture-decran-2024-11-27-a-21.22.27-300x63.png\" alt=\"\" width=\"300\" height=\"63\" srcset=\"https:\/\/newsite.cyno-club-orchies.fr\/wp-content\/uploads\/2024\/11\/Capture-decran-2024-11-27-a-21.22.27-300x63.png 300w, https:\/\/newsite.cyno-club-orchies.fr\/wp-content\/uploads\/2024\/11\/Capture-decran-2024-11-27-a-21.22.27-1024x215.png 1024w, https:\/\/newsite.cyno-club-orchies.fr\/wp-content\/uploads\/2024\/11\/Capture-decran-2024-11-27-a-21.22.27-768x161.png 768w, https:\/\/newsite.cyno-club-orchies.fr\/wp-content\/uploads\/2024\/11\/Capture-decran-2024-11-27-a-21.22.27-1536x322.png 1536w, https:\/\/newsite.cyno-club-orchies.fr\/wp-content\/uploads\/2024\/11\/Capture-decran-2024-11-27-a-21.22.27-2048x430.png 2048w\" sizes=\"auto, (max-width: 300px) 100vw, 300px\" \/><\/p>\n","protected":false},"excerpt":{"rendered":"<p>Pr\u00e9parer votre compagnon \u00e0 une vie sereine et \u00e9quilibr\u00e9e L&rsquo;\u00e9ducation de votre chiot commence d\u00e8s son plus jeune \u00e2ge, car&hellip;<\/p>\n","protected":false},"author":1,"featured_media":0,"parent":0,"menu_order":0,"comment_status":"closed","ping_status":"closed","template":"","meta":{"footnotes":""},"class_list":["post-514","page","type-page","status-publish","hentry"],"_links":{"self":[{"href":"https:\/\/newsite.cyno-club-orchies.fr\/index.php\/wp-json\/wp\/v2\/pages\/514","targetHints":{"allow":["GET"]}}],"collection":[{"href":"https:\/\/newsite.cyno-club-orchies.fr\/index.php\/wp-json\/wp\/v2\/pages"}],"about":[{"href":"https:\/\/newsite.cyno-club-orchies.fr\/index.php\/wp-json\/wp\/v2\/types\/page"}],"author":[{"embeddable":true,"href":"https:\/\/newsite.cyno-club-orchies.fr\/index.php\/wp-json\/wp\/v2\/users\/1"}],"replies":[{"embeddable":true,"href":"https:\/\/newsite.cyno-club-orchies.fr\/index.php\/wp-json\/wp\/v2\/comments?post=514"}],"version-history":[{"count":27,"href":"https:\/\/newsite.cyno-club-orchies.fr\/index.php\/wp-json\/wp\/v2\/pages\/514\/revisions"}],"predecessor-version":[{"id":1758,"href":"https:\/\/newsite.cyno-club-orchies.fr\/index.php\/wp-json\/wp\/v2\/pages\/514\/revisions\/1758"}],"wp:attachment":[{"href":"https:\/\/newsite.cyno-club-orchies.fr\/index.php\/wp-json\/wp\/v2\/media?parent=514"}],"curies":[{"name":"wp","href":"https:\/\/api.w.org\/{rel}","templated":true}]}}