{"id":413,"date":"2022-07-27T15:41:10","date_gmt":"2022-07-27T13:41:10","guid":{"rendered":"https:\/\/newsite.cyno-club-orchies.fr\/?page_id=413"},"modified":"2025-08-27T16:44:55","modified_gmt":"2025-08-27T14:44:55","slug":"pistage-francais","status":"publish","type":"page","link":"https:\/\/newsite.cyno-club-orchies.fr\/index.php\/pistage-francais\/","title":{"rendered":"PISTAGE FRANCAIS"},"content":{"rendered":"<div class=\"entry-content\">\n<p><a href=\"https:\/\/www.centrale-canine.fr\/cuncbg-gt-pistage\/articles\/reglement-du-pistage-francais-applicable-depuis-le-19-mars-2018-mis-le-jour-le-28-octobre\" target=\"_blank\" rel=\"noopener\"><strong>REGLEMENT PISTAGE FRANCAIS \u2013 2018<\/strong><\/a><\/p>\n<p>Le pistage fran\u00e7ais comprend 2 types de discipline, la piste libre, la piste en longe ou au trait.<\/p>\n<p>Chaque discipline est not\u00e9e sur 100 points.<\/p>\n<p><u>Qualificatifs<\/u>\u00a0:<\/p>\n<ul>\n<li>Excellent : 80% des points<\/li>\n<li>Tr\u00e8s Bon : 70% des points<\/li>\n<li>Bon : 60% des points<\/li>\n<\/ul>\n<p>Les \u00e9preuves et concours de pistage fran\u00e7ais sont ouverts \u00e0 tous les chiens. L\u2019\u00e9preuve du coup de feu leur permet d\u2019\u00eatre s\u00e9lective pour l\u2019am\u00e9lioration des races.<\/p>\n<p>&nbsp;<\/p>\n<p><span style=\"color: #008000;\"><strong><u>Le Brevet de pistage<\/u><\/strong><\/span><\/p>\n<p>Le brevet de pistage est r\u00e9serv\u00e9 aux chiens d\u00e9butants dans la disciplines, \u00e2g\u00e9s au minimum de 12 mois et\u00a0 titulaires du Certificat de Sociabilit\u00e9 et d\u2019Aptitude \u00e0 l\u2019Utilisation (CSAU).<\/p>\n<p>Le brevet de pistage se d\u00e9roule en 2 parties :<\/p>\n<ul>\n<li>Une piste libre qui devra obligatoirement s\u2019effectuer en premier, not\u00e9e sur 100 points. Pour \u00eatre admissible \u00e0 la deuxi\u00e8me partie, le concurrent devra obtenir un minimum de 80 points sur 100<\/li>\n<li>Une piste au trait not\u00e9e sur 100 points.<\/li>\n<\/ul>\n<p>Sera d\u00e9clar\u00e9 admis au brevet le concurrent qui obtiendra l\u2019excellent soit un total d\u2019au moins 160 points sur 200 (moyenne des 2 \u00e9preuves). Un concurrent qui n\u2019obtiendrait que la premi\u00e8re partie du brevet en conserve le b\u00e9n\u00e9fice et ne re-pr\u00e9sente que la deuxi\u00e8me (piste au trait).<\/p>\n<p>&nbsp;<\/p>\n<p><span style=\"color: #008000;\"><strong><u>L\u2019\u00e9chelon\u00a01<\/u><\/strong><\/span><\/p>\n<p>L\u2019excellent au brevet de pistage permet d\u2019acc\u00e9der \u00e0 l\u2019\u00e9chelon 1<\/p>\n<p><strong><u>D\u00e9finition de la piste libre<\/u><\/strong><strong>\u00a0:<\/strong><\/p>\n<ul>\n<li>Piste simple, chaude, de 500 \u00e0 550 pas comportant deux angles droits et un angle aigu (jamais inf\u00e9rieur \u00e0 45\u00b0)<\/li>\n<li>Un ou deux traceurs en alternance<\/li>\n<li>Pas de fausse piste<\/li>\n<li>Un objet est d\u00e9pos\u00e9 \u00e0 l\u2019issue de la piste, \u00e9loign\u00e9 dans l\u2019espace des jalons de d\u00e9part de 60 pas minimum.<\/li>\n<li>Le traceur est hors du champ de travail avant la pr\u00e9sentation.<\/li>\n<li>Temps de base accord\u00e9 : 10 minutes.<\/li>\n<\/ul>\n<p><strong>Mission du chien :<\/strong><\/p>\n<p>Le chien piste seul, il doit suivre la piste, relever l\u2019objet, le rapporter au conducteur, s\u2019asseoir devant lui l\u2019objet en gueule.<\/p>\n<p><strong><u>D\u00e9finition de la piste au trait<\/u><\/strong><strong>\u00a0:<\/strong><\/p>\n<ul>\n<li>Piste simple, chaude, de 600 \u00e0 650 pas comportant 2 angles droits et 2 angles aigus (jamais inf\u00e9rieurs \u00e0 45\u00b0)<\/li>\n<li>Un ou deux traceurs en alternance<\/li>\n<li>Une fausse piste coupe la piste perpendiculairement en un seul endroit<\/li>\n<li>Trois objets sont d\u00e9pos\u00e9s sur la piste par le traceur<\/li>\n<li>Une arriv\u00e9e droite, compos\u00e9e du traceur et du juge qui se tient \u00e0 20 pas de la piste et du traceur, jamais en arri\u00e8re de celui-ci<\/li>\n<li>Temps de base accord\u00e9 : 15 minutes.<\/li>\n<\/ul>\n<p><strong>Mission du chien :<\/strong><\/p>\n<p>Le chien piste en longe, suivi par son conducteur, il doit suivre la piste, relever chaque objet, le rapporter au conducteur, s\u2019asseoir devant lui l\u2019objet en gueule. Le marquage de chaque objet est admis. Enfin il doit d\u00e9couvrir le traceur en bout de piste, se fixer et manifester aupr\u00e8s de lui.<\/p>\n<p>&nbsp;<\/p>\n<p><span style=\"color: #339966;\"><strong><u>L\u2019\u00e9chelon\u00a02<\/u><\/strong><\/span><\/p>\n<p>Deux excellents obtenus sous 2 juges diff\u00e9rents en \u00e9chelon 1 permettent d\u2019 acc\u00e9der \u00e0 l\u2019 \u00e9chelon 2.<\/p>\n<p><strong><u>D\u00e9finition de la piste libre<\/u><\/strong>\u00a0:<\/p>\n<ul>\n<li>Piste chaude de 600 pas comportant 3 angles droits et 2 angles aigus<\/li>\n<li>1 piste de diversion coupe 1 fois le trac\u00e9 \u00e0 angle droit<\/li>\n<li>un objet d\u00e9pos\u00e9 \u00e0 l\u2019 issue de la piste<\/li>\n<\/ul>\n<p><strong>D\u00e9finition de la piste au trait :<\/strong><\/p>\n<ul>\n<li>Chien tenu en longe de 10 m\u00e8tres par son ma\u00eetre<\/li>\n<li>Piste chaude de 850 \u00e0 900 pas comportant de 5 et 6angles<\/li>\n<li>3 objets d\u00e9pos\u00e9s par le traceur sur son parcours<\/li>\n<li>1 piste de diversion coupe 2 fois le trac\u00e9 (1 fois \u00e0 angle droit et 1 fois \u00e0 angle aigu)<\/li>\n<li>la d\u00e9couverte du traceur doit \u00eatre marqu\u00e9e par l\u2019aboiement ou une manifestation expressive du chien.<\/li>\n<\/ul>\n<p>&nbsp;<\/p>\n<p><span style=\"color: #008000;\"><strong>L\u2019\u00e9chelon\u00a03<\/strong><\/span><\/p>\n<p>Quatre excellents obtenus sous 2 juges diff\u00e9rents en \u00e9chelon 2 permettent l&rsquo;acc\u00e8s en classe 3.<\/p>\n<p><strong>D\u00e9finition de la piste libre<\/strong>\u00a0<strong>:<\/strong><\/p>\n<ul>\n<li>Piste chaude de 850 pas comportant 5 angles (dont 2 angles tr\u00e8s aigus)<\/li>\n<li>1 piste de diversion coupe 2 fois le trac\u00e9 \u00e0 angle droit<\/li>\n<li>Un objet d\u00e9pos\u00e9 \u00e0 l\u2019 issue de la piste<\/li>\n<\/ul>\n<p><strong>D\u00e9finition de la piste au trait<\/strong><\/p>\n<ul>\n<li>Longueur de la piste : 1100 pas, 6 \u00e0 7 angles (dont trois \u00e0 4 angles tr\u00e8s aigus)<\/li>\n<li>Piste de diversion coupe 3 fois le trac\u00e9 (angle droit et angle aigu)<\/li>\n<li>A l\u2019arriv\u00e9e le chien, lib\u00e9r\u00e9 par son conducteur \u00e0 35 pas de la fin de piste, doit identifier seul le traceur parmi un groupe de 3 personnes et manifester sa d\u00e9couverte en s&rsquo;asseyant devant le traceur et en aboyant.<\/li>\n<li>Le chien qui n\u2019identifie pas ne peut obtenir l\u2019excellent.<\/li>\n<\/ul>\n<\/div>\n","protected":false},"excerpt":{"rendered":"<p>REGLEMENT PISTAGE FRANCAIS \u2013 2018 Le pistage fran\u00e7ais comprend 2 types de discipline, la piste libre, la piste en longe&hellip;<\/p>\n","protected":false},"author":1,"featured_media":0,"parent":0,"menu_order":0,"comment_status":"closed","ping_status":"closed","template":"","meta":{"footnotes":""},"class_list":["post-413","page","type-page","status-publish","hentry"],"_links":{"self":[{"href":"https:\/\/newsite.cyno-club-orchies.fr\/index.php\/wp-json\/wp\/v2\/pages\/413","targetHints":{"allow":["GET"]}}],"collection":[{"href":"https:\/\/newsite.cyno-club-orchies.fr\/index.php\/wp-json\/wp\/v2\/pages"}],"about":[{"href":"https:\/\/newsite.cyno-club-orchies.fr\/index.php\/wp-json\/wp\/v2\/types\/page"}],"author":[{"embeddable":true,"href":"https:\/\/newsite.cyno-club-orchies.fr\/index.php\/wp-json\/wp\/v2\/users\/1"}],"replies":[{"embeddable":true,"href":"https:\/\/newsite.cyno-club-orchies.fr\/index.php\/wp-json\/wp\/v2\/comments?post=413"}],"version-history":[{"count":9,"href":"https:\/\/newsite.cyno-club-orchies.fr\/index.php\/wp-json\/wp\/v2\/pages\/413\/revisions"}],"predecessor-version":[{"id":1689,"href":"https:\/\/newsite.cyno-club-orchies.fr\/index.php\/wp-json\/wp\/v2\/pages\/413\/revisions\/1689"}],"wp:attachment":[{"href":"https:\/\/newsite.cyno-club-orchies.fr\/index.php\/wp-json\/wp\/v2\/media?parent=413"}],"curies":[{"name":"wp","href":"https:\/\/api.w.org\/{rel}","templated":true}]}}