{"id":358,"date":"2022-03-17T10:44:51","date_gmt":"2022-03-17T09:44:51","guid":{"rendered":"https:\/\/newsite.cyno-club-orchies.fr\/?page_id=358"},"modified":"2022-07-27T15:50:26","modified_gmt":"2022-07-27T13:50:26","slug":"sauvetage","status":"publish","type":"page","link":"https:\/\/newsite.cyno-club-orchies.fr\/index.php\/sauvetage\/","title":{"rendered":"SAUVETAGE"},"content":{"rendered":"<p><a href=\"https:\/\/www.centrale-canine.fr\/sites\/default\/files\/inline-files\/AA%20COMPLET%20SAUVETAGE%20FR%20Reglement%20IPO-R%202019%20V8.pdf\" target=\"_blank\" rel=\"noopener\"><strong>R\u00c8GLEMENT SAUVETAGE FCI COMPLET &#8211; 2019<\/strong><\/a><\/p>\n<p>Dans le sauvetage il y a plusieurs disciplines :<\/p>\n<ul>\n<li>D\u00e9combres<\/li>\n<li>Qu\u00eate &#8211; surface<\/li>\n<li>Pistage<\/li>\n<li>Mantrailing<\/li>\n<li>Travail \u00e0 l&rsquo;eau<\/li>\n<li>Avalanche<\/li>\n<\/ul>\n<p>&nbsp;<\/p>\n<p>Pour chaque sp\u00e9cialit\u00e9, il y a 4 niveaux :<\/p>\n<ul>\n<li>le brevet<\/li>\n<li>l&rsquo;\u00e9chelon V<\/li>\n<li>l&rsquo;\u00e9chelon A<\/li>\n<li>l&rsquo;\u00e9chelon B<\/li>\n<\/ul>\n<p>&nbsp;<\/p>\n<ul>\n<li>Dans chaque \u00e9chelon il y a deux types d&rsquo;\u00e9preuves :\n<ul>\n<li>l&rsquo;\u00e9preuve de dext\u00e9rit\u00e9<\/li>\n<li>l&rsquo;\u00e9preuve de recherche<\/li>\n<\/ul>\n<p>&nbsp;<\/li>\n<\/ul>\n","protected":false},"excerpt":{"rendered":"<p>R\u00c8GLEMENT SAUVETAGE FCI COMPLET &#8211; 2019 Dans le sauvetage il y a plusieurs disciplines : D\u00e9combres Qu\u00eate &#8211; surface Pistage&hellip;<\/p>\n","protected":false},"author":1,"featured_media":0,"parent":0,"menu_order":0,"comment_status":"closed","ping_status":"closed","template":"","meta":{"footnotes":""},"class_list":["post-358","page","type-page","status-publish","hentry"],"_links":{"self":[{"href":"https:\/\/newsite.cyno-club-orchies.fr\/index.php\/wp-json\/wp\/v2\/pages\/358","targetHints":{"allow":["GET"]}}],"collection":[{"href":"https:\/\/newsite.cyno-club-orchies.fr\/index.php\/wp-json\/wp\/v2\/pages"}],"about":[{"href":"https:\/\/newsite.cyno-club-orchies.fr\/index.php\/wp-json\/wp\/v2\/types\/page"}],"author":[{"embeddable":true,"href":"https:\/\/newsite.cyno-club-orchies.fr\/index.php\/wp-json\/wp\/v2\/users\/1"}],"replies":[{"embeddable":true,"href":"https:\/\/newsite.cyno-club-orchies.fr\/index.php\/wp-json\/wp\/v2\/comments?post=358"}],"version-history":[{"count":6,"href":"https:\/\/newsite.cyno-club-orchies.fr\/index.php\/wp-json\/wp\/v2\/pages\/358\/revisions"}],"predecessor-version":[{"id":420,"href":"https:\/\/newsite.cyno-club-orchies.fr\/index.php\/wp-json\/wp\/v2\/pages\/358\/revisions\/420"}],"wp:attachment":[{"href":"https:\/\/newsite.cyno-club-orchies.fr\/index.php\/wp-json\/wp\/v2\/media?parent=358"}],"curies":[{"name":"wp","href":"https:\/\/api.w.org\/{rel}","templated":true}]}}