{"id":304,"date":"2022-02-25T17:01:59","date_gmt":"2022-02-25T16:01:59","guid":{"rendered":"https:\/\/newsite.cyno-club-orchies.fr\/?page_id=304"},"modified":"2026-01-26T11:45:56","modified_gmt":"2026-01-26T10:45:56","slug":"hooper","status":"publish","type":"page","link":"https:\/\/newsite.cyno-club-orchies.fr\/index.php\/hooper\/","title":{"rendered":"HOOPERS"},"content":{"rendered":"<h2><b><span style=\"color: #ff9300;\">Une discipline canine ludique et accessible \u00e0 tous !<\/span><\/b><\/h2>\n<p>Venu de la NADAC Agility aux Etats-Unis, le <b>Hoopers<\/b> est une discipline canine\u00a0qui gagne de plus en plus d&rsquo;adeptes et qui se distingue par sa douceur et son c\u00f4t\u00e9 ludique. Id\u00e9ale pour renforcer la complicit\u00e9 entre le chien et son ma\u00eetre, le Hoopers permet de pratiquer une activit\u00e9 stimulante et amusante tout en respectant les capacit\u00e9s de chaque chien.<\/p>\n<p>&nbsp;<\/p>\n<h4><b><span style=\"color: #339966;\">Qu&rsquo;est-ce que le Hoopers ?<\/span><\/b><\/h4>\n<p>Le Hoopers consiste \u00e0 guider votre chien \u00e0 travers un parcours compos\u00e9 de divers obstacles, sans saut. Les chiens doivent passer \u00e0 travers des <b>cerceaux <\/b>(\u00ab\u00a0hoopers\u00a0\u00bb), des <b>tunnels<\/b>, contourner des <b>barils<\/b>, ou passer derri\u00e8res des <b>gates <\/b>(\u00ab\u00a0treillis\u00a0\u00bb). Le ma\u00eetre guide son chien \u00e0 distance, sans jamais le toucher, en utilisant des gestes et des ordres clairs.<\/p>\n<p>Cette activit\u00e9 est parfaitement adapt\u00e9e \u00e0 tous les chiens, peu importe leur taille ou leur \u00e2ge.<span class=\"Apple-converted-space\">\u00a0<\/span><\/p>\n<div id=\"attachment_1369\" style=\"width: 1034px\" class=\"wp-caption aligncenter\"><img loading=\"lazy\" decoding=\"async\" aria-describedby=\"caption-attachment-1369\" class=\"wp-image-1369 size-large\" src=\"http:\/\/newsite.cyno-club-orchies.fr\/wp-content\/uploads\/2024\/11\/Capture-decran-2024-11-21-a-20.23.30-1024x285.png\" alt=\"\" width=\"1024\" height=\"285\" srcset=\"https:\/\/newsite.cyno-club-orchies.fr\/wp-content\/uploads\/2024\/11\/Capture-decran-2024-11-21-a-20.23.30-1024x285.png 1024w, https:\/\/newsite.cyno-club-orchies.fr\/wp-content\/uploads\/2024\/11\/Capture-decran-2024-11-21-a-20.23.30-300x83.png 300w, https:\/\/newsite.cyno-club-orchies.fr\/wp-content\/uploads\/2024\/11\/Capture-decran-2024-11-21-a-20.23.30-768x214.png 768w, https:\/\/newsite.cyno-club-orchies.fr\/wp-content\/uploads\/2024\/11\/Capture-decran-2024-11-21-a-20.23.30-1536x427.png 1536w, https:\/\/newsite.cyno-club-orchies.fr\/wp-content\/uploads\/2024\/11\/Capture-decran-2024-11-21-a-20.23.30-2048x570.png 2048w\" sizes=\"auto, (max-width: 1024px) 100vw, 1024px\" \/><p id=\"caption-attachment-1369\" class=\"wp-caption-text\">Cerceaux &#8211; Tunnels &#8211; Barils<\/p><\/div>\n<p>&nbsp;<\/p>\n<h4><b><span style=\"color: #339966;\">Pourquoi pratiquer le Hoopers avec votre chien ?<\/span><\/b><\/h4>\n<p>Le Hoopers pr\u00e9sente de nombreux avantages, tant pour le chien que pour le ma\u00eetre :<\/p>\n<ul>\n<li><b>Renforcer la complicit\u00e9<\/b> : Cette discipline repose sur la communication entre le chien et son ma\u00eetre, renfor\u00e7ant ainsi leur complicit\u00e9 et leur confiance mutuelle<\/li>\n<li><b>Stimuler mentalement et physiquement<\/b> : Cette discipline permet \u00e0 votre chien de se d\u00e9penser tout en sollicitant son intelligence<\/li>\n<li><b>Accessibilit\u00e9<\/b>\u00a0: Le Hoopers est une activit\u00e9 qui peut \u00eatre pratiqu\u00e9e par des chiens de toutes races et de tous \u00e2ges.<\/li>\n<li><b>Enrichissant<\/b>\u00a0: Le Hoopers propose une vari\u00e9t\u00e9 d\u2019obstacles et de parcours qui enrichissent l\u2019environnement du chien, l\u2019aidant \u00e0 d\u00e9velopper son agilit\u00e9, son autonomie et sa confiance.<\/li>\n<\/ul>\n<p>&nbsp;<\/p>\n<h4><b><span style=\"color: #339966;\">Qui peut y participer ?<\/span><\/b><\/h4>\n<p>Le Hoopers est une <strong>activit\u00e9 accessible \u00e0 tous<\/strong> <strong>les chiens<\/strong>, quel que soit leur \u00e2ge ou leur niveau. Elle est id\u00e9ale pour les chiens qui d\u00e9butent dans les sports canins, mais aussi pour les chiens plus \u00e2g\u00e9s ou ne pouvant pas sauter.<\/p>\n<p>Cette discipline convient \u00e9galement aux ma\u00eetres qui cherchent une activit\u00e9 ludique, enrichissante et s\u00e9curitaire pour leur chien, tout en renfor\u00e7ant leur complicit\u00e9.<\/p>\n<p>Le Hoopers est bien plus qu&rsquo;une simple activit\u00e9 sportive : c\u2019est une v\u00e9ritable occasion de renforcer le lien entre vous et votre compagnon tout en lui offrant un excellent moyen de se d\u00e9penser mentalement et physiquement. Accessible \u00e0 tous les chiens et adapt\u00e9e \u00e0 toutes les conditions physiques, cette discipline permet \u00e0 chacun de progresser \u00e0 son rythme, dans un cadre respectueux et positif.<\/p>\n<p>&nbsp;<\/p>\n<p><strong>Nous vous invitons \u00e0 d\u00e9couvrir le Hoopers et \u00e0 partager avec votre compagnon \u00e0 quatre pattes un moment de plaisir et de complicit\u00e9 !<\/strong><\/p>\n<p>&nbsp;<\/p>\n<h4 style=\"text-align: center;\"><em><b><span style=\"color: #ff9300;\">Horaires et inscriptions<\/span><\/b><\/em><\/h4>\n<p style=\"text-align: center;\">Samedi de 15h00 \u00e0 17H00<br \/>\nSi vous souhaitez nous rejoindre, contactez-nous via :<br \/>\n<a href=\"mailto:webmaster@cyno-club-orchies.fr\">webmaster@cyno-club-orchies.fr<\/a><\/p>\n<h4><img loading=\"lazy\" decoding=\"async\" class=\"aligncenter wp-image-1429 size-thumbnail\" src=\"http:\/\/newsite.cyno-club-orchies.fr\/wp-content\/uploads\/2024\/11\/Capture-decran-2024-11-27-a-21.01.30-150x150.png\" alt=\"\" width=\"150\" height=\"150\" srcset=\"https:\/\/newsite.cyno-club-orchies.fr\/wp-content\/uploads\/2024\/11\/Capture-decran-2024-11-27-a-21.01.30-150x150.png 150w, https:\/\/newsite.cyno-club-orchies.fr\/wp-content\/uploads\/2024\/11\/Capture-decran-2024-11-27-a-21.01.30-300x300.png 300w, https:\/\/newsite.cyno-club-orchies.fr\/wp-content\/uploads\/2024\/11\/Capture-decran-2024-11-27-a-21.01.30-768x771.png 768w, https:\/\/newsite.cyno-club-orchies.fr\/wp-content\/uploads\/2024\/11\/Capture-decran-2024-11-27-a-21.01.30.png 892w\" sizes=\"auto, (max-width: 150px) 100vw, 150px\" \/><\/h4>\n","protected":false},"excerpt":{"rendered":"<p>Une discipline canine ludique et accessible \u00e0 tous ! Venu de la NADAC Agility aux Etats-Unis, le Hoopers est une&hellip;<\/p>\n","protected":false},"author":1,"featured_media":537,"parent":0,"menu_order":0,"comment_status":"closed","ping_status":"closed","template":"","meta":{"footnotes":""},"class_list":["post-304","page","type-page","status-publish","has-post-thumbnail","hentry"],"_links":{"self":[{"href":"https:\/\/newsite.cyno-club-orchies.fr\/index.php\/wp-json\/wp\/v2\/pages\/304","targetHints":{"allow":["GET"]}}],"collection":[{"href":"https:\/\/newsite.cyno-club-orchies.fr\/index.php\/wp-json\/wp\/v2\/pages"}],"about":[{"href":"https:\/\/newsite.cyno-club-orchies.fr\/index.php\/wp-json\/wp\/v2\/types\/page"}],"author":[{"embeddable":true,"href":"https:\/\/newsite.cyno-club-orchies.fr\/index.php\/wp-json\/wp\/v2\/users\/1"}],"replies":[{"embeddable":true,"href":"https:\/\/newsite.cyno-club-orchies.fr\/index.php\/wp-json\/wp\/v2\/comments?post=304"}],"version-history":[{"count":34,"href":"https:\/\/newsite.cyno-club-orchies.fr\/index.php\/wp-json\/wp\/v2\/pages\/304\/revisions"}],"predecessor-version":[{"id":1741,"href":"https:\/\/newsite.cyno-club-orchies.fr\/index.php\/wp-json\/wp\/v2\/pages\/304\/revisions\/1741"}],"wp:featuredmedia":[{"embeddable":true,"href":"https:\/\/newsite.cyno-club-orchies.fr\/index.php\/wp-json\/wp\/v2\/media\/537"}],"wp:attachment":[{"href":"https:\/\/newsite.cyno-club-orchies.fr\/index.php\/wp-json\/wp\/v2\/media?parent=304"}],"curies":[{"name":"wp","href":"https:\/\/api.w.org\/{rel}","templated":true}]}}