{"id":238,"date":"2022-02-22T15:04:21","date_gmt":"2022-02-22T14:04:21","guid":{"rendered":"http:\/\/newsite.cyno-club-orchies.fr\/?page_id=238"},"modified":"2024-12-12T22:28:03","modified_gmt":"2024-12-12T21:28:03","slug":"obeissance","status":"publish","type":"page","link":"https:\/\/newsite.cyno-club-orchies.fr\/index.php\/obeissance\/","title":{"rendered":"OBEISSANCE"},"content":{"rendered":"<h4><a href=\"https:\/\/www.centrale-canine.fr\/cuncbg-gt-obeissance\/actualites\/reglement-obedience-2021-fr-a5-211004\" target=\"_blank\" rel=\"noopener\"><span style=\"color: #339966;\"><strong>R\u00e9glement de l&rsquo;ob\u00e9issance &#8211; 2021<\/strong><\/span><\/a><\/h4>\n<p><em>Discipline internationale ouverte \u00e0 toutes les races : chiens LOF ou NON LOF.<br \/>\nLes divers exercices doivent \u00eatre ex\u00e9cut\u00e9s parfaitement en harmonie et communion avec le ma\u00eetre, et surtout avec du plaisir \u00e0 vouloir les accomplir.<br \/>\n<\/em>La discipline et les concours d&rsquo;ob\u00e9issance ou ob\u00e9dience sont la continuit\u00e9 du travail et des bases acquises \u00e0 l&rsquo;\u00e9ducation canine. Cette discipline \u00e0 part enti\u00e8re est ouverte \u00e0 tous les chiens quelque soit sa race ou ses origines. Ils devront obligatoirement poss\u00e9der <strong>un carnet de travail<\/strong> qui est d\u00e9livr\u00e9 par la S.C.C, et <strong>\u00eatre titulaire du C.S.A.U<\/strong>. (Certificat de Socialisation et d&rsquo;Aptitude \u00e0 l&rsquo;Utilisation).<br \/>\nL&rsquo;\u00e2ge minimum pour participer est de 12 mois.<\/p>\n<p>Afin de promouvoir la discipline de l&rsquo;ob\u00e9issance, il a \u00e9t\u00e9 cr\u00e9\u00e9, un brevet et 3 classes permettant ainsi d&rsquo;assurer une progression d&rsquo;une classe \u00e0 l&rsquo;autre.<\/p>\n<ul>\n<li>la classe 1 est r\u00e9serv\u00e9e aux concurrents d\u00e9butants ;<\/li>\n<li>pour acc\u00e9der en classe 2, le chien devra avoir obtenu au moins 2 excellents en classe 1 ;<\/li>\n<li>\u00a0pour acc\u00e9der en classe 3, le chien devra avoir obtenu au moins 3 excellents en classe 2 sous 2 juges diff\u00e9rents.<\/li>\n<\/ul>\n<p>Le concours national d&rsquo;ob\u00e9issance classe 3 permettra aux concurrents ayant obtenu 2 excellents avec des juges diff\u00e9rents, de pouvoir participer aux tests de classe internationale d&rsquo;ob\u00e9issance et au championnat de France.<br \/>\nLe Championnat de France d&rsquo;ob\u00e9issance est organis\u00e9 chaque ann\u00e9e et peut se d\u00e9rouler dans le cadre d&rsquo;une exposition nationale.<\/p>\n<h4><span style=\"color: #339966;\"><strong>Les jugements :<\/strong><\/span><\/h4>\n<p>Les jugements des \u00e9preuves d&rsquo;ob\u00e9issance sont surtout li\u00e9s \u00e0 certains facteurs qui peuvent se r\u00e9sumer ainsi :<\/p>\n<ul>\n<li><strong>\u00a0<\/strong>travail du chien en parfaite communion avec le ma\u00eetre ;<\/li>\n<li><strong>\u00a0<\/strong>travail du chien d\u00e9sirant le faire, bien le faire, et le faire gaiement ;<\/li>\n<li><strong>\u00a0<\/strong>travail du chien dont on devra tenir compte \u00e9galement par rapport \u00e0 sa race, ce qui am\u00e8nera la juge, en fonction de ces facteurs, \u00e0 p\u00e9naliser un chien :\n<ul>\n<li>qui n&rsquo;est pas attentif, \u00e0 l&rsquo;\u00e9coute de son ma\u00eetre ou en mauvaise harmonie ;<\/li>\n<li>qui n&rsquo;a pas de plaisir \u00e0 effectuer l&rsquo;exercice ;<\/li>\n<li>qui effectue l&rsquo;exercice soumis, sous contrainte, sans gaiet\u00e9, ce qui est tr\u00e8s p\u00e9nalisant sur le plan international ;<\/li>\n<\/ul>\n<\/li>\n<li>de la fougue naturelle du chien, de son temp\u00e9rament par rapport \u00e0 sa race.<\/li>\n<\/ul>\n<p>Le chien devra toujours faire preuve de sociabilit\u00e9. Il est \u00e0 noter que le conducteur devra toujours avoir une attitude suffisamment \u00e9nergique et non pas nonchalante durant son parcours, qui pourrait laisser pr\u00e9sumer d&rsquo;une contrainte envers son chien.<\/p>\n<p><img loading=\"lazy\" decoding=\"async\" class=\"alignnone wp-image-1578 size-large\" src=\"http:\/\/newsite.cyno-club-orchies.fr\/wp-content\/uploads\/2024\/12\/Capture-decran-2024-12-12-a-22.08.24-1024x445.png\" alt=\"\" width=\"1024\" height=\"445\" srcset=\"https:\/\/newsite.cyno-club-orchies.fr\/wp-content\/uploads\/2024\/12\/Capture-decran-2024-12-12-a-22.08.24-1024x445.png 1024w, https:\/\/newsite.cyno-club-orchies.fr\/wp-content\/uploads\/2024\/12\/Capture-decran-2024-12-12-a-22.08.24-300x131.png 300w, https:\/\/newsite.cyno-club-orchies.fr\/wp-content\/uploads\/2024\/12\/Capture-decran-2024-12-12-a-22.08.24-768x334.png 768w, https:\/\/newsite.cyno-club-orchies.fr\/wp-content\/uploads\/2024\/12\/Capture-decran-2024-12-12-a-22.08.24-1536x668.png 1536w, https:\/\/newsite.cyno-club-orchies.fr\/wp-content\/uploads\/2024\/12\/Capture-decran-2024-12-12-a-22.08.24.png 1816w\" sizes=\"auto, (max-width: 1024px) 100vw, 1024px\" \/><\/p>\n<p>&nbsp;<\/p>\n<p><img loading=\"lazy\" decoding=\"async\" class=\"alignnone wp-image-1579 size-large\" src=\"http:\/\/newsite.cyno-club-orchies.fr\/wp-content\/uploads\/2024\/12\/Capture-decran-2024-12-12-a-22.09.14-1024x414.png\" alt=\"\" width=\"1024\" height=\"414\" srcset=\"https:\/\/newsite.cyno-club-orchies.fr\/wp-content\/uploads\/2024\/12\/Capture-decran-2024-12-12-a-22.09.14-1024x414.png 1024w, https:\/\/newsite.cyno-club-orchies.fr\/wp-content\/uploads\/2024\/12\/Capture-decran-2024-12-12-a-22.09.14-300x121.png 300w, https:\/\/newsite.cyno-club-orchies.fr\/wp-content\/uploads\/2024\/12\/Capture-decran-2024-12-12-a-22.09.14-768x311.png 768w, https:\/\/newsite.cyno-club-orchies.fr\/wp-content\/uploads\/2024\/12\/Capture-decran-2024-12-12-a-22.09.14-1536x621.png 1536w, https:\/\/newsite.cyno-club-orchies.fr\/wp-content\/uploads\/2024\/12\/Capture-decran-2024-12-12-a-22.09.14-2048x828.png 2048w\" sizes=\"auto, (max-width: 1024px) 100vw, 1024px\" \/><\/p>\n<h4 style=\"text-align: center;\"><\/h4>\n<h4 style=\"text-align: center;\"><em><span style=\"color: #ff9300;\">Horaires<\/span><\/em><\/h4>\n<p style=\"text-align: center;\">Mardi de 18h \u00e0 19h30<br \/>\nSamedi de 8h45 \u00e0 10h15<\/p>\n<p><img loading=\"lazy\" decoding=\"async\" class=\"aligncenter wp-image-1580 size-thumbnail\" src=\"http:\/\/newsite.cyno-club-orchies.fr\/wp-content\/uploads\/2024\/12\/Capture-decran-2024-12-12-a-22.19.40-150x150.png\" alt=\"\" width=\"150\" height=\"150\" srcset=\"https:\/\/newsite.cyno-club-orchies.fr\/wp-content\/uploads\/2024\/12\/Capture-decran-2024-12-12-a-22.19.40-150x150.png 150w, https:\/\/newsite.cyno-club-orchies.fr\/wp-content\/uploads\/2024\/12\/Capture-decran-2024-12-12-a-22.19.40-300x300.png 300w, https:\/\/newsite.cyno-club-orchies.fr\/wp-content\/uploads\/2024\/12\/Capture-decran-2024-12-12-a-22.19.40.png 688w\" sizes=\"auto, (max-width: 150px) 100vw, 150px\" \/><\/p>\n","protected":false},"excerpt":{"rendered":"<p>R\u00e9glement de l&rsquo;ob\u00e9issance &#8211; 2021 Discipline internationale ouverte \u00e0 toutes les races : chiens LOF ou NON LOF. Les divers&hellip;<\/p>\n","protected":false},"author":1,"featured_media":0,"parent":0,"menu_order":0,"comment_status":"closed","ping_status":"closed","template":"","meta":{"footnotes":""},"class_list":["post-238","page","type-page","status-publish","hentry"],"_links":{"self":[{"href":"https:\/\/newsite.cyno-club-orchies.fr\/index.php\/wp-json\/wp\/v2\/pages\/238","targetHints":{"allow":["GET"]}}],"collection":[{"href":"https:\/\/newsite.cyno-club-orchies.fr\/index.php\/wp-json\/wp\/v2\/pages"}],"about":[{"href":"https:\/\/newsite.cyno-club-orchies.fr\/index.php\/wp-json\/wp\/v2\/types\/page"}],"author":[{"embeddable":true,"href":"https:\/\/newsite.cyno-club-orchies.fr\/index.php\/wp-json\/wp\/v2\/users\/1"}],"replies":[{"embeddable":true,"href":"https:\/\/newsite.cyno-club-orchies.fr\/index.php\/wp-json\/wp\/v2\/comments?post=238"}],"version-history":[{"count":25,"href":"https:\/\/newsite.cyno-club-orchies.fr\/index.php\/wp-json\/wp\/v2\/pages\/238\/revisions"}],"predecessor-version":[{"id":1574,"href":"https:\/\/newsite.cyno-club-orchies.fr\/index.php\/wp-json\/wp\/v2\/pages\/238\/revisions\/1574"}],"wp:attachment":[{"href":"https:\/\/newsite.cyno-club-orchies.fr\/index.php\/wp-json\/wp\/v2\/media?parent=238"}],"curies":[{"name":"wp","href":"https:\/\/api.w.org\/{rel}","templated":true}]}}